{"id":78,"date":"2019-10-12T14:24:02","date_gmt":"2019-10-12T14:24:02","guid":{"rendered":"http:\/\/drogmalpartner.pl\/?page_id=78"},"modified":"2024-04-14T18:49:06","modified_gmt":"2024-04-14T18:49:06","slug":"realizacje-2","status":"publish","type":"page","link":"https:\/\/drogmalpartner.pl\/?page_id=78","title":{"rendered":"Nasze Realizacje"},"content":{"rendered":"\t\t<div data-elementor-type=\"wp-page\" data-elementor-id=\"78\" class=\"elementor elementor-78\">\n\t\t\t\t\t\t<section class=\"elementor-section elementor-top-section elementor-element elementor-element-b3fdb64 elementor-section-content-top elementor-section-boxed elementor-section-height-default elementor-section-height-default\" data-id=\"b3fdb64\" data-element_type=\"section\" data-settings=\"{&quot;background_background&quot;:&quot;slideshow&quot;,&quot;background_slideshow_gallery&quot;:[{&quot;id&quot;:101,&quot;url&quot;:&quot;https:\\\/\\\/drogmalpartner.pl\\\/wp-content\\\/uploads\\\/2024\\\/01\\\/AdobeStock_265592844_Preview.jpeg&quot;}],&quot;background_slideshow_loop&quot;:&quot;yes&quot;,&quot;background_slideshow_slide_duration&quot;:5000,&quot;background_slideshow_slide_transition&quot;:&quot;fade&quot;,&quot;background_slideshow_transition_duration&quot;:500}\">\n\t\t\t\t\t\t<div class=\"elementor-container elementor-column-gap-no\">\n\t\t\t\t\t<div class=\"aux-parallax-section elementor-column elementor-col-100 elementor-top-column elementor-element elementor-element-f483c62\" data-id=\"f483c62\" data-element_type=\"column\">\n\t\t\t<div class=\"elementor-widget-wrap elementor-element-populated\">\n\t\t\t\t\t\t<section class=\"elementor-section elementor-inner-section elementor-element elementor-element-7a6b45f elementor-section-boxed elementor-section-height-default elementor-section-height-default\" data-id=\"7a6b45f\" data-element_type=\"section\">\n\t\t\t\t\t\t<div class=\"elementor-container elementor-column-gap-default\">\n\t\t\t\t\t<div class=\"aux-parallax-section elementor-column elementor-col-100 elementor-inner-column elementor-element elementor-element-110b0cd\" data-id=\"110b0cd\" data-element_type=\"column\">\n\t\t\t<div class=\"elementor-widget-wrap elementor-element-populated\">\n\t\t\t\t\t\t<div class=\"elementor-element elementor-element-5eb6727 aux-appear-watch-animation aux-fade-in-right-1 elementor-widget elementor-widget-aux_modern_heading\" data-id=\"5eb6727\" data-element_type=\"widget\" data-widget_type=\"aux_modern_heading.default\">\n\t\t\t\t<div class=\"elementor-widget-container\">\n\t\t\t\t\t<section class=\"aux-widget-modern-heading\">\n            <div class=\"aux-widget-inner\"><h5 class=\"aux-modern-heading-primary\">Nasze Realizacje<\/h5><h3 class=\"aux-modern-heading-secondary\"><span class=\"aux-head-before\">Dotychczasowe realizacje<\/span><\/h3><div class=\"aux-modern-heading-description\"><p>To tylko u\u0142amek naszej codziennej pracy, ale z ch\u0119ci\u0105 podzielimy si\u0119 naszymi dotychczasowymi realizacjami.<span class=\"Apple-converted-space\">\u00a0<\/span><\/p><\/div><\/div>\n        <\/section>\t\t\t\t<\/div>\n\t\t\t\t<\/div>\n\t\t\t\t\t<\/div>\n\t\t<\/div>\n\t\t\t\t\t<\/div>\n\t\t<\/section>\n\t\t\t\t\t<\/div>\n\t\t<\/div>\n\t\t\t\t\t<\/div>\n\t\t<\/section>\n\t\t\t\t<section class=\"elementor-section elementor-top-section elementor-element elementor-element-0940428 elementor-section-boxed elementor-section-height-default elementor-section-height-default\" data-id=\"0940428\" data-element_type=\"section\">\n\t\t\t\t\t\t<div class=\"elementor-container elementor-column-gap-default\">\n\t\t\t\t\t<div class=\"aux-parallax-section elementor-column elementor-col-100 elementor-top-column elementor-element elementor-element-2a5d6e0\" data-id=\"2a5d6e0\" data-element_type=\"column\">\n\t\t\t<div class=\"elementor-widget-wrap elementor-element-populated\">\n\t\t\t\t\t\t<div class=\"elementor-element elementor-element-0d3c2a5 elementor-widget elementor-widget-spacer\" data-id=\"0d3c2a5\" data-element_type=\"widget\" data-widget_type=\"spacer.default\">\n\t\t\t\t<div class=\"elementor-widget-container\">\n\t\t\t\t\t\t\t<div class=\"elementor-spacer\">\n\t\t\t<div class=\"elementor-spacer-inner\"><\/div>\n\t\t<\/div>\n\t\t\t\t\t\t<\/div>\n\t\t\t\t<\/div>\n\t\t\t\t\t<\/div>\n\t\t<\/div>\n\t\t\t\t\t<\/div>\n\t\t<\/section>\n\t\t\t\t<section class=\"elementor-section elementor-top-section elementor-element elementor-element-d1bfb0e elementor-section-content-top elementor-section-boxed elementor-section-height-default elementor-section-height-default\" data-id=\"d1bfb0e\" data-element_type=\"section\">\n\t\t\t\t\t\t<div class=\"elementor-container elementor-column-gap-no\">\n\t\t\t\t\t<div class=\"aux-parallax-section elementor-column elementor-col-100 elementor-top-column elementor-element elementor-element-6dd474b\" data-id=\"6dd474b\" data-element_type=\"column\">\n\t\t\t<div class=\"elementor-widget-wrap elementor-element-populated\">\n\t\t\t\t\t\t<div class=\"elementor-element elementor-element-58f5b43 gallery-spacing-custom elementor-widget elementor-widget-image-gallery\" data-id=\"58f5b43\" data-element_type=\"widget\" data-widget_type=\"image-gallery.default\">\n\t\t\t\t<div class=\"elementor-widget-container\">\n\t\t\t\t\t\t\t<div class=\"elementor-image-gallery\">\n\t\t\t<div id='gallery-1' class='gallery galleryid-78 gallery-columns-3 gallery-size-medium'><figure class='gallery-item'>\n\t\t\t<div class='gallery-icon landscape'>\n\t\t\t\t<a data-elementor-open-lightbox=\"yes\" data-elementor-lightbox-slideshow=\"58f5b43\" data-elementor-lightbox-title=\"06-2\" data-e-action-hash=\"#elementor-action%3Aaction%3Dlightbox%26settings%3DeyJpZCI6NDUyLCJ1cmwiOiJodHRwczpcL1wvZHJvZ21hbHBhcnRuZXIucGxcL3dwLWNvbnRlbnRcL3VwbG9hZHNcLzIwMjRcLzA0XC8wNi0yLnBuZyIsInNsaWRlc2hvdyI6IjU4ZjViNDMifQ%3D%3D\" href='https:\/\/drogmalpartner.pl\/wp-content\/uploads\/2024\/04\/06-2.png'><img fetchpriority=\"high\" decoding=\"async\" width=\"300\" height=\"300\" src=\"https:\/\/drogmalpartner.pl\/wp-content\/uploads\/2024\/04\/06-2-300x300.png\" class=\"attachment-medium size-medium\" alt=\"\" srcset=\"https:\/\/drogmalpartner.pl\/wp-content\/uploads\/2024\/04\/06-2-300x300.png 300w, https:\/\/drogmalpartner.pl\/wp-content\/uploads\/2024\/04\/06-2-150x150.png 150w, https:\/\/drogmalpartner.pl\/wp-content\/uploads\/2024\/04\/06-2-768x768.png 768w, https:\/\/drogmalpartner.pl\/wp-content\/uploads\/2024\/04\/06-2-200x200.png 200w, https:\/\/drogmalpartner.pl\/wp-content\/uploads\/2024\/04\/06-2.png 900w\" sizes=\"(max-width: 300px) 100vw, 300px\" \/><\/a>\n\t\t\t<\/div><\/figure><figure class='gallery-item'>\n\t\t\t<div class='gallery-icon landscape'>\n\t\t\t\t<a data-elementor-open-lightbox=\"yes\" data-elementor-lightbox-slideshow=\"58f5b43\" data-elementor-lightbox-title=\"05\" data-e-action-hash=\"#elementor-action%3Aaction%3Dlightbox%26settings%3DeyJpZCI6NDUzLCJ1cmwiOiJodHRwczpcL1wvZHJvZ21hbHBhcnRuZXIucGxcL3dwLWNvbnRlbnRcL3VwbG9hZHNcLzIwMjRcLzA0XC8wNS5wbmciLCJzbGlkZXNob3ciOiI1OGY1YjQzIn0%3D\" href='https:\/\/drogmalpartner.pl\/wp-content\/uploads\/2024\/04\/05.png'><img decoding=\"async\" width=\"300\" height=\"300\" src=\"https:\/\/drogmalpartner.pl\/wp-content\/uploads\/2024\/04\/05-300x300.png\" class=\"attachment-medium size-medium\" alt=\"\" srcset=\"https:\/\/drogmalpartner.pl\/wp-content\/uploads\/2024\/04\/05-300x300.png 300w, https:\/\/drogmalpartner.pl\/wp-content\/uploads\/2024\/04\/05-150x150.png 150w, https:\/\/drogmalpartner.pl\/wp-content\/uploads\/2024\/04\/05-768x768.png 768w, https:\/\/drogmalpartner.pl\/wp-content\/uploads\/2024\/04\/05-200x200.png 200w, https:\/\/drogmalpartner.pl\/wp-content\/uploads\/2024\/04\/05.png 900w\" sizes=\"(max-width: 300px) 100vw, 300px\" \/><\/a>\n\t\t\t<\/div><\/figure><figure class='gallery-item'>\n\t\t\t<div class='gallery-icon landscape'>\n\t\t\t\t<a data-elementor-open-lightbox=\"yes\" data-elementor-lightbox-slideshow=\"58f5b43\" data-elementor-lightbox-title=\"04\" data-e-action-hash=\"#elementor-action%3Aaction%3Dlightbox%26settings%3DeyJpZCI6NDU0LCJ1cmwiOiJodHRwczpcL1wvZHJvZ21hbHBhcnRuZXIucGxcL3dwLWNvbnRlbnRcL3VwbG9hZHNcLzIwMjRcLzA0XC8wNC5wbmciLCJzbGlkZXNob3ciOiI1OGY1YjQzIn0%3D\" href='https:\/\/drogmalpartner.pl\/wp-content\/uploads\/2024\/04\/04.png'><img decoding=\"async\" width=\"300\" height=\"300\" src=\"https:\/\/drogmalpartner.pl\/wp-content\/uploads\/2024\/04\/04-300x300.png\" class=\"attachment-medium size-medium\" alt=\"\" srcset=\"https:\/\/drogmalpartner.pl\/wp-content\/uploads\/2024\/04\/04-300x300.png 300w, https:\/\/drogmalpartner.pl\/wp-content\/uploads\/2024\/04\/04-150x150.png 150w, https:\/\/drogmalpartner.pl\/wp-content\/uploads\/2024\/04\/04-768x768.png 768w, https:\/\/drogmalpartner.pl\/wp-content\/uploads\/2024\/04\/04-200x200.png 200w, https:\/\/drogmalpartner.pl\/wp-content\/uploads\/2024\/04\/04.png 900w\" sizes=\"(max-width: 300px) 100vw, 300px\" \/><\/a>\n\t\t\t<\/div><\/figure><figure class='gallery-item'>\n\t\t\t<div class='gallery-icon landscape'>\n\t\t\t\t<a data-elementor-open-lightbox=\"yes\" data-elementor-lightbox-slideshow=\"58f5b43\" data-elementor-lightbox-title=\"03\" data-e-action-hash=\"#elementor-action%3Aaction%3Dlightbox%26settings%3DeyJpZCI6NDU1LCJ1cmwiOiJodHRwczpcL1wvZHJvZ21hbHBhcnRuZXIucGxcL3dwLWNvbnRlbnRcL3VwbG9hZHNcLzIwMjRcLzA0XC8wMy5wbmciLCJzbGlkZXNob3ciOiI1OGY1YjQzIn0%3D\" href='https:\/\/drogmalpartner.pl\/wp-content\/uploads\/2024\/04\/03.png'><img loading=\"lazy\" decoding=\"async\" width=\"300\" height=\"300\" src=\"https:\/\/drogmalpartner.pl\/wp-content\/uploads\/2024\/04\/03-300x300.png\" class=\"attachment-medium size-medium\" alt=\"\" srcset=\"https:\/\/drogmalpartner.pl\/wp-content\/uploads\/2024\/04\/03-300x300.png 300w, https:\/\/drogmalpartner.pl\/wp-content\/uploads\/2024\/04\/03-150x150.png 150w, https:\/\/drogmalpartner.pl\/wp-content\/uploads\/2024\/04\/03-768x768.png 768w, https:\/\/drogmalpartner.pl\/wp-content\/uploads\/2024\/04\/03-200x200.png 200w, https:\/\/drogmalpartner.pl\/wp-content\/uploads\/2024\/04\/03.png 900w\" sizes=\"(max-width: 300px) 100vw, 300px\" \/><\/a>\n\t\t\t<\/div><\/figure><figure class='gallery-item'>\n\t\t\t<div class='gallery-icon landscape'>\n\t\t\t\t<a data-elementor-open-lightbox=\"yes\" data-elementor-lightbox-slideshow=\"58f5b43\" data-elementor-lightbox-title=\"07\" data-e-action-hash=\"#elementor-action%3Aaction%3Dlightbox%26settings%3DeyJpZCI6NDUxLCJ1cmwiOiJodHRwczpcL1wvZHJvZ21hbHBhcnRuZXIucGxcL3dwLWNvbnRlbnRcL3VwbG9hZHNcLzIwMjRcLzA0XC8wNy5wbmciLCJzbGlkZXNob3ciOiI1OGY1YjQzIn0%3D\" href='https:\/\/drogmalpartner.pl\/wp-content\/uploads\/2024\/04\/07.png'><img loading=\"lazy\" decoding=\"async\" width=\"300\" height=\"300\" src=\"https:\/\/drogmalpartner.pl\/wp-content\/uploads\/2024\/04\/07-300x300.png\" class=\"attachment-medium size-medium\" alt=\"\" srcset=\"https:\/\/drogmalpartner.pl\/wp-content\/uploads\/2024\/04\/07-300x300.png 300w, https:\/\/drogmalpartner.pl\/wp-content\/uploads\/2024\/04\/07-150x150.png 150w, https:\/\/drogmalpartner.pl\/wp-content\/uploads\/2024\/04\/07-768x768.png 768w, https:\/\/drogmalpartner.pl\/wp-content\/uploads\/2024\/04\/07-200x200.png 200w, https:\/\/drogmalpartner.pl\/wp-content\/uploads\/2024\/04\/07.png 900w\" sizes=\"(max-width: 300px) 100vw, 300px\" \/><\/a>\n\t\t\t<\/div><\/figure><figure class='gallery-item'>\n\t\t\t<div class='gallery-icon landscape'>\n\t\t\t\t<a data-elementor-open-lightbox=\"yes\" data-elementor-lightbox-slideshow=\"58f5b43\" data-elementor-lightbox-title=\"09\" data-e-action-hash=\"#elementor-action%3Aaction%3Dlightbox%26settings%3DeyJpZCI6NDQ5LCJ1cmwiOiJodHRwczpcL1wvZHJvZ21hbHBhcnRuZXIucGxcL3dwLWNvbnRlbnRcL3VwbG9hZHNcLzIwMjRcLzA0XC8wOS5wbmciLCJzbGlkZXNob3ciOiI1OGY1YjQzIn0%3D\" href='https:\/\/drogmalpartner.pl\/wp-content\/uploads\/2024\/04\/09.png'><img loading=\"lazy\" decoding=\"async\" width=\"300\" height=\"300\" src=\"https:\/\/drogmalpartner.pl\/wp-content\/uploads\/2024\/04\/09-300x300.png\" class=\"attachment-medium size-medium\" alt=\"\" srcset=\"https:\/\/drogmalpartner.pl\/wp-content\/uploads\/2024\/04\/09-300x300.png 300w, https:\/\/drogmalpartner.pl\/wp-content\/uploads\/2024\/04\/09-150x150.png 150w, https:\/\/drogmalpartner.pl\/wp-content\/uploads\/2024\/04\/09-768x768.png 768w, https:\/\/drogmalpartner.pl\/wp-content\/uploads\/2024\/04\/09-200x200.png 200w, https:\/\/drogmalpartner.pl\/wp-content\/uploads\/2024\/04\/09.png 900w\" sizes=\"(max-width: 300px) 100vw, 300px\" \/><\/a>\n\t\t\t<\/div><\/figure><figure class='gallery-item'>\n\t\t\t<div class='gallery-icon landscape'>\n\t\t\t\t<a data-elementor-open-lightbox=\"yes\" data-elementor-lightbox-slideshow=\"58f5b43\" data-elementor-lightbox-title=\"IMG_20200217_132247605_HDR\" data-e-action-hash=\"#elementor-action%3Aaction%3Dlightbox%26settings%3DeyJpZCI6NDAzLCJ1cmwiOiJodHRwczpcL1wvZHJvZ21hbHBhcnRuZXIucGxcL3dwLWNvbnRlbnRcL3VwbG9hZHNcLzIwMjRcLzAzXC9JTUdfMjAyMDAyMTdfMTMyMjQ3NjA1X0hEUi1zY2FsZWQuanBnIiwic2xpZGVzaG93IjoiNThmNWI0MyJ9\" href='https:\/\/drogmalpartner.pl\/wp-content\/uploads\/2024\/03\/IMG_20200217_132247605_HDR-scaled.jpg'><img loading=\"lazy\" decoding=\"async\" width=\"300\" height=\"300\" src=\"https:\/\/drogmalpartner.pl\/wp-content\/uploads\/2024\/03\/IMG_20200217_132247605_HDR-300x300.jpg\" class=\"attachment-medium size-medium\" alt=\"\" srcset=\"https:\/\/drogmalpartner.pl\/wp-content\/uploads\/2024\/03\/IMG_20200217_132247605_HDR-300x300.jpg 300w, https:\/\/drogmalpartner.pl\/wp-content\/uploads\/2024\/03\/IMG_20200217_132247605_HDR-1024x1024.jpg 1024w, https:\/\/drogmalpartner.pl\/wp-content\/uploads\/2024\/03\/IMG_20200217_132247605_HDR-150x150.jpg 150w, https:\/\/drogmalpartner.pl\/wp-content\/uploads\/2024\/03\/IMG_20200217_132247605_HDR-768x768.jpg 768w\" sizes=\"(max-width: 300px) 100vw, 300px\" \/><\/a>\n\t\t\t<\/div><\/figure><figure class='gallery-item'>\n\t\t\t<div class='gallery-icon landscape'>\n\t\t\t\t<a data-elementor-open-lightbox=\"yes\" data-elementor-lightbox-slideshow=\"58f5b43\" data-elementor-lightbox-title=\"08\" data-e-action-hash=\"#elementor-action%3Aaction%3Dlightbox%26settings%3DeyJpZCI6NDUwLCJ1cmwiOiJodHRwczpcL1wvZHJvZ21hbHBhcnRuZXIucGxcL3dwLWNvbnRlbnRcL3VwbG9hZHNcLzIwMjRcLzA0XC8wOC5wbmciLCJzbGlkZXNob3ciOiI1OGY1YjQzIn0%3D\" href='https:\/\/drogmalpartner.pl\/wp-content\/uploads\/2024\/04\/08.png'><img loading=\"lazy\" decoding=\"async\" width=\"300\" height=\"300\" src=\"https:\/\/drogmalpartner.pl\/wp-content\/uploads\/2024\/04\/08-300x300.png\" class=\"attachment-medium size-medium\" alt=\"\" srcset=\"https:\/\/drogmalpartner.pl\/wp-content\/uploads\/2024\/04\/08-300x300.png 300w, https:\/\/drogmalpartner.pl\/wp-content\/uploads\/2024\/04\/08-150x150.png 150w, https:\/\/drogmalpartner.pl\/wp-content\/uploads\/2024\/04\/08-768x768.png 768w, https:\/\/drogmalpartner.pl\/wp-content\/uploads\/2024\/04\/08-200x200.png 200w, https:\/\/drogmalpartner.pl\/wp-content\/uploads\/2024\/04\/08.png 900w\" sizes=\"(max-width: 300px) 100vw, 300px\" \/><\/a>\n\t\t\t<\/div><\/figure><figure class='gallery-item'>\n\t\t\t<div class='gallery-icon portrait'>\n\t\t\t\t<a data-elementor-open-lightbox=\"yes\" data-elementor-lightbox-slideshow=\"58f5b43\" data-elementor-lightbox-title=\"Zdj\u0119cie 2.08.2022, 14 07 31\" data-e-action-hash=\"#elementor-action%3Aaction%3Dlightbox%26settings%3DeyJpZCI6NDExLCJ1cmwiOiJodHRwczpcL1wvZHJvZ21hbHBhcnRuZXIucGxcL3dwLWNvbnRlbnRcL3VwbG9hZHNcLzIwMjRcLzAzXC9aZGplY2llLTIuMDguMjAyMi0xNC0wNy0zMS1zY2FsZWQuanBnIiwic2xpZGVzaG93IjoiNThmNWI0MyJ9\" href='https:\/\/drogmalpartner.pl\/wp-content\/uploads\/2024\/03\/Zdjecie-2.08.2022-14-07-31-scaled.jpg'><img loading=\"lazy\" decoding=\"async\" width=\"300\" height=\"300\" src=\"https:\/\/drogmalpartner.pl\/wp-content\/uploads\/2024\/03\/Zdjecie-2.08.2022-14-07-31-300x300.jpg\" class=\"attachment-medium size-medium\" alt=\"\" srcset=\"https:\/\/drogmalpartner.pl\/wp-content\/uploads\/2024\/03\/Zdjecie-2.08.2022-14-07-31-300x300.jpg 300w, https:\/\/drogmalpartner.pl\/wp-content\/uploads\/2024\/03\/Zdjecie-2.08.2022-14-07-31-1024x1024.jpg 1024w, https:\/\/drogmalpartner.pl\/wp-content\/uploads\/2024\/03\/Zdjecie-2.08.2022-14-07-31-150x150.jpg 150w, https:\/\/drogmalpartner.pl\/wp-content\/uploads\/2024\/03\/Zdjecie-2.08.2022-14-07-31-768x768.jpg 768w\" sizes=\"(max-width: 300px) 100vw, 300px\" \/><\/a>\n\t\t\t<\/div><\/figure><figure class='gallery-item'>\n\t\t\t<div class='gallery-icon portrait'>\n\t\t\t\t<a data-elementor-open-lightbox=\"yes\" data-elementor-lightbox-slideshow=\"58f5b43\" data-elementor-lightbox-title=\"Zdj\u0119cie 2.08.2022, 14 07 18\" data-e-action-hash=\"#elementor-action%3Aaction%3Dlightbox%26settings%3DeyJpZCI6NDEwLCJ1cmwiOiJodHRwczpcL1wvZHJvZ21hbHBhcnRuZXIucGxcL3dwLWNvbnRlbnRcL3VwbG9hZHNcLzIwMjRcLzAzXC9aZGplY2llLTIuMDguMjAyMi0xNC0wNy0xOC1zY2FsZWQuanBnIiwic2xpZGVzaG93IjoiNThmNWI0MyJ9\" href='https:\/\/drogmalpartner.pl\/wp-content\/uploads\/2024\/03\/Zdjecie-2.08.2022-14-07-18-scaled.jpg'><img loading=\"lazy\" decoding=\"async\" width=\"300\" height=\"300\" src=\"https:\/\/drogmalpartner.pl\/wp-content\/uploads\/2024\/03\/Zdjecie-2.08.2022-14-07-18-300x300.jpg\" class=\"attachment-medium size-medium\" alt=\"\" srcset=\"https:\/\/drogmalpartner.pl\/wp-content\/uploads\/2024\/03\/Zdjecie-2.08.2022-14-07-18-300x300.jpg 300w, https:\/\/drogmalpartner.pl\/wp-content\/uploads\/2024\/03\/Zdjecie-2.08.2022-14-07-18-1024x1024.jpg 1024w, https:\/\/drogmalpartner.pl\/wp-content\/uploads\/2024\/03\/Zdjecie-2.08.2022-14-07-18-150x150.jpg 150w, https:\/\/drogmalpartner.pl\/wp-content\/uploads\/2024\/03\/Zdjecie-2.08.2022-14-07-18-768x768.jpg 768w\" sizes=\"(max-width: 300px) 100vw, 300px\" \/><\/a>\n\t\t\t<\/div><\/figure><figure class='gallery-item'>\n\t\t\t<div class='gallery-icon landscape'>\n\t\t\t\t<a data-elementor-open-lightbox=\"yes\" data-elementor-lightbox-slideshow=\"58f5b43\" data-elementor-lightbox-title=\"Zdj\u0119cie 2.08.2022, 14 07 08\" data-e-action-hash=\"#elementor-action%3Aaction%3Dlightbox%26settings%3DeyJpZCI6NDA5LCJ1cmwiOiJodHRwczpcL1wvZHJvZ21hbHBhcnRuZXIucGxcL3dwLWNvbnRlbnRcL3VwbG9hZHNcLzIwMjRcLzAzXC9aZGplY2llLTIuMDguMjAyMi0xNC0wNy0wOC1zY2FsZWQuanBnIiwic2xpZGVzaG93IjoiNThmNWI0MyJ9\" href='https:\/\/drogmalpartner.pl\/wp-content\/uploads\/2024\/03\/Zdjecie-2.08.2022-14-07-08-scaled.jpg'><img loading=\"lazy\" decoding=\"async\" width=\"300\" height=\"300\" src=\"https:\/\/drogmalpartner.pl\/wp-content\/uploads\/2024\/03\/Zdjecie-2.08.2022-14-07-08-300x300.jpg\" class=\"attachment-medium size-medium\" alt=\"\" srcset=\"https:\/\/drogmalpartner.pl\/wp-content\/uploads\/2024\/03\/Zdjecie-2.08.2022-14-07-08-300x300.jpg 300w, https:\/\/drogmalpartner.pl\/wp-content\/uploads\/2024\/03\/Zdjecie-2.08.2022-14-07-08-1024x1024.jpg 1024w, https:\/\/drogmalpartner.pl\/wp-content\/uploads\/2024\/03\/Zdjecie-2.08.2022-14-07-08-150x150.jpg 150w, https:\/\/drogmalpartner.pl\/wp-content\/uploads\/2024\/03\/Zdjecie-2.08.2022-14-07-08-768x768.jpg 768w\" sizes=\"(max-width: 300px) 100vw, 300px\" \/><\/a>\n\t\t\t<\/div><\/figure><figure class='gallery-item'>\n\t\t\t<div class='gallery-icon portrait'>\n\t\t\t\t<a data-elementor-open-lightbox=\"yes\" data-elementor-lightbox-slideshow=\"58f5b43\" data-elementor-lightbox-title=\"IMG_20190926_130549\" data-e-action-hash=\"#elementor-action%3Aaction%3Dlightbox%26settings%3DeyJpZCI6NDA4LCJ1cmwiOiJodHRwczpcL1wvZHJvZ21hbHBhcnRuZXIucGxcL3dwLWNvbnRlbnRcL3VwbG9hZHNcLzIwMjRcLzAzXC9JTUdfMjAxOTA5MjZfMTMwNTQ5LTEtc2NhbGVkLmpwZyIsInNsaWRlc2hvdyI6IjU4ZjViNDMifQ%3D%3D\" href='https:\/\/drogmalpartner.pl\/wp-content\/uploads\/2024\/03\/IMG_20190926_130549-1-scaled.jpg'><img loading=\"lazy\" decoding=\"async\" width=\"300\" height=\"300\" src=\"https:\/\/drogmalpartner.pl\/wp-content\/uploads\/2024\/03\/IMG_20190926_130549-1-300x300.jpg\" class=\"attachment-medium size-medium\" alt=\"\" srcset=\"https:\/\/drogmalpartner.pl\/wp-content\/uploads\/2024\/03\/IMG_20190926_130549-1-300x300.jpg 300w, https:\/\/drogmalpartner.pl\/wp-content\/uploads\/2024\/03\/IMG_20190926_130549-1-1024x1024.jpg 1024w, https:\/\/drogmalpartner.pl\/wp-content\/uploads\/2024\/03\/IMG_20190926_130549-1-150x150.jpg 150w, https:\/\/drogmalpartner.pl\/wp-content\/uploads\/2024\/03\/IMG_20190926_130549-1-768x768.jpg 768w\" sizes=\"(max-width: 300px) 100vw, 300px\" \/><\/a>\n\t\t\t<\/div><\/figure>\n\t\t<\/div>\n\t\t<\/div>\n\t\t\t\t\t\t<\/div>\n\t\t\t\t<\/div>\n\t\t\t\t\t<\/div>\n\t\t<\/div>\n\t\t\t\t\t<\/div>\n\t\t<\/section>\n\t\t\t\t<\/div>\n\t\t","protected":false},"excerpt":{"rendered":"<p>Nasze Realizacje Dotychczasowe realizacje To tylko u\u0142amek naszej codziennej pracy, ale z ch\u0119ci\u0105 podzielimy si\u0119 naszymi dotychczasowymi realizacjami.\u00a0<\/p>\n","protected":false},"author":1,"featured_media":0,"parent":0,"menu_order":0,"comment_status":"closed","ping_status":"closed","template":"templates\/page-builder-content.php","meta":{"footnotes":""},"_links":{"self":[{"href":"https:\/\/drogmalpartner.pl\/index.php?rest_route=\/wp\/v2\/pages\/78"}],"collection":[{"href":"https:\/\/drogmalpartner.pl\/index.php?rest_route=\/wp\/v2\/pages"}],"about":[{"href":"https:\/\/drogmalpartner.pl\/index.php?rest_route=\/wp\/v2\/types\/page"}],"author":[{"embeddable":true,"href":"https:\/\/drogmalpartner.pl\/index.php?rest_route=\/wp\/v2\/users\/1"}],"replies":[{"embeddable":true,"href":"https:\/\/drogmalpartner.pl\/index.php?rest_route=%2Fwp%2Fv2%2Fcomments&post=78"}],"version-history":[{"count":37,"href":"https:\/\/drogmalpartner.pl\/index.php?rest_route=\/wp\/v2\/pages\/78\/revisions"}],"predecessor-version":[{"id":458,"href":"https:\/\/drogmalpartner.pl\/index.php?rest_route=\/wp\/v2\/pages\/78\/revisions\/458"}],"wp:attachment":[{"href":"https:\/\/drogmalpartner.pl\/index.php?rest_route=%2Fwp%2Fv2%2Fmedia&parent=78"}],"curies":[{"name":"wp","href":"https:\/\/api.w.org\/{rel}","templated":true}]}}